{"id":118,"date":"2026-01-31T04:21:59","date_gmt":"2026-01-31T04:21:59","guid":{"rendered":"https:\/\/kiwixlabs.com\/cookies-policy-terms-of-service\/"},"modified":"2026-01-31T05:04:22","modified_gmt":"2026-01-31T05:04:22","slug":"cookies-policy-terms-of-service","status":"publish","type":"page","link":"https:\/\/kiwixlabs.com\/vi\/cookies-policy-terms-of-service\/","title":{"rendered":"COOKIES POLICY &amp; TERMS OF SERVICE"},"content":{"rendered":"\n<h2 class=\"wp-block-heading\"><strong>COOKIES POLICY<\/strong><\/h2>\n\n<p>Last Updated: 26\/01\/2026<br\/><br\/>Trang web kiwixlabs.com s\u1eed d\u1ee5ng cookie v\u00e0 c\u00e1c c\u00f4ng ngh\u1ec7 t\u01b0\u01a1ng t\u1ef1 \u0111\u1ec3 n\u00e2ng cao tr\u1ea3i nghi\u1ec7m ng\u01b0\u1eddi d\u00f9ng.<br\/>Cookie l\u00e0 c\u00e1c t\u1ec7p nh\u1ecf \u0111\u01b0\u1ee3c l\u01b0u tr\u1eef tr\u00ean thi\u1ebft b\u1ecb c\u1ee7a b\u1ea1n \u0111\u1ec3 ghi nh\u1edb t\u00f9y ch\u1ecdn v\u00e0 ph\u00e2n t\u00edch l\u01b0u l\u01b0\u1ee3ng truy c\u1eadp.<\/p>\n\n<p>Ch\u00fang t\u00f4i s\u1eed d\u1ee5ng:<\/p>\n\n<ul class=\"wp-block-list\">\n<li>Cookie c\u1ea7n thi\u1ebft<\/li>\n\n\n\n<li>Cookie ch\u1ee9c n\u0103ng<\/li>\n\n\n\n<li>Cookie ph\u00e2n t\u00edch<\/li>\n\n\n\n<li>Cookie marketing<\/li>\n<\/ul>\n\n<p>B\u1ea1n c\u00f3 th\u1ec3 qu\u1ea3n l\u00fd ho\u1eb7c t\u1eaft cookie th\u00f4ng qua c\u00e0i \u0111\u1eb7t tr\u00ecnh duy\u1ec7t.<\/p>\n\n<h2 class=\"wp-block-heading\"><strong>TERMS OF SERVICE<\/strong><\/h2>\n\n<p>Khi s\u1eed d\u1ee5ng trang web kiwixlabs.com, b\u1ea1n \u0111\u1ed3ng \u00fd v\u1edbi c\u00e1c \u0111i\u1ec1u kho\u1ea3n n\u00e0y.<\/p>\n\n<p>Trang web cung c\u1ea5p d\u1ecbch v\u1ee5 t\u01b0 v\u1ea5n v\u00e0 audit Web3 \/ Blockchain.<\/p>\n\n<p>M\u1ecdi n\u1ed9i dung thu\u1ed9c quy\u1ec1n s\u1edf h\u1eefu c\u1ee7a Kiwix Labs.<br\/>D\u1ecbch v\u1ee5 \u0111\u01b0\u1ee3c cung c\u1ea5p &#8220;nguy\u00ean tr\u1ea1ng&#8221;, kh\u00f4ng b\u1ea3o \u0111\u1ea3m.<\/p>\n\n<p>Lu\u1eadt \u00e1p d\u1ee5ng: theo ph\u00e1p lu\u1eadt n\u01a1i c\u00f4ng ty \u0111\u0103ng k\u00fd : Vi\u1ec7t Nam.<br\/><\/p>\n\n<p><\/p>\n","protected":false},"excerpt":{"rendered":"<p>COOKIES POLICY Last Updated: 26\/01\/2026 Trang web kiwixlabs.com s\u1eed d\u1ee5ng cookie v\u00e0 c\u00e1c c\u00f4ng ngh\u1ec7 t\u01b0\u01a1ng t\u1ef1 \u0111\u1ec3 n\u00e2ng cao tr\u1ea3i nghi\u1ec7m ng\u01b0\u1eddi d\u00f9ng.Cookie l\u00e0 c\u00e1c t\u1ec7p nh\u1ecf \u0111\u01b0\u1ee3c l\u01b0u tr\u1eef tr\u00ean thi\u1ebft b\u1ecb c\u1ee7a b\u1ea1n \u0111\u1ec3 ghi nh\u1edb t\u00f9y ch\u1ecdn v\u00e0 ph\u00e2n t\u00edch l\u01b0u l\u01b0\u1ee3ng truy c\u1eadp. Ch\u00fang t\u00f4i s\u1eed d\u1ee5ng: B\u1ea1n c\u00f3 th\u1ec3 [&hellip;]<\/p>\n","protected":false},"author":1,"featured_media":0,"parent":0,"menu_order":0,"comment_status":"closed","ping_status":"closed","template":"","meta":{"footnotes":""},"class_list":["post-118","page","type-page","status-publish","hentry"],"yoast_head":"<!-- This site is optimized with the Yoast SEO plugin v26.4 - https:\/\/yoast.com\/wordpress\/plugins\/seo\/ -->\n<title>COOKIES POLICY &amp; TERMS OF SERVICE - KiwiX Labs<\/title>\n<meta name=\"robots\" content=\"noindex, follow, max-snippet:-1, max-image-preview:large, max-video-preview:-1\" \/>\n<meta property=\"og:locale\" content=\"vi_VN\" \/>\n<meta property=\"og:type\" content=\"article\" \/>\n<meta property=\"og:title\" content=\"COOKIES POLICY &amp; TERMS OF SERVICE - KiwiX Labs\" \/>\n<meta property=\"og:description\" content=\"COOKIES POLICY Last Updated: 26\/01\/2026 Trang web kiwixlabs.com s\u1eed d\u1ee5ng cookie v\u00e0 c\u00e1c c\u00f4ng ngh\u1ec7 t\u01b0\u01a1ng t\u1ef1 \u0111\u1ec3 n\u00e2ng cao tr\u1ea3i nghi\u1ec7m ng\u01b0\u1eddi d\u00f9ng.Cookie l\u00e0 c\u00e1c t\u1ec7p nh\u1ecf \u0111\u01b0\u1ee3c l\u01b0u tr\u1eef tr\u00ean thi\u1ebft b\u1ecb c\u1ee7a b\u1ea1n \u0111\u1ec3 ghi nh\u1edb t\u00f9y ch\u1ecdn v\u00e0 ph\u00e2n t\u00edch l\u01b0u l\u01b0\u1ee3ng truy c\u1eadp. Ch\u00fang t\u00f4i s\u1eed d\u1ee5ng: B\u1ea1n c\u00f3 th\u1ec3 [&hellip;]\" \/>\n<meta property=\"og:url\" content=\"https:\/\/kiwixlabs.com\/vi\/cookies-policy-terms-of-service\/\" \/>\n<meta property=\"og:site_name\" content=\"KiwiX Labs\" \/>\n<meta property=\"article:modified_time\" content=\"2026-01-31T05:04:22+00:00\" \/>\n<meta name=\"twitter:card\" content=\"summary_large_image\" \/>\n<meta name=\"twitter:label1\" content=\"\u01af\u1edbc t\u00ednh th\u1eddi gian \u0111\u1ecdc\" \/>\n\t<meta name=\"twitter:data1\" content=\"1 ph\u00fat\" \/>\n<script type=\"application\/ld+json\" class=\"yoast-schema-graph\">{\"@context\":\"https:\/\/schema.org\",\"@graph\":[{\"@type\":\"WebPage\",\"@id\":\"https:\/\/kiwixlabs.com\/vi\/cookies-policy-terms-of-service\/\",\"url\":\"https:\/\/kiwixlabs.com\/vi\/cookies-policy-terms-of-service\/\",\"name\":\"COOKIES POLICY &amp; TERMS OF SERVICE - KiwiX Labs\",\"isPartOf\":{\"@id\":\"https:\/\/kiwixlabs.com\/vi\/#website\"},\"datePublished\":\"2026-01-31T04:21:59+00:00\",\"dateModified\":\"2026-01-31T05:04:22+00:00\",\"breadcrumb\":{\"@id\":\"https:\/\/kiwixlabs.com\/vi\/cookies-policy-terms-of-service\/#breadcrumb\"},\"inLanguage\":\"vi\",\"potentialAction\":[{\"@type\":\"ReadAction\",\"target\":[\"https:\/\/kiwixlabs.com\/vi\/cookies-policy-terms-of-service\/\"]}]},{\"@type\":\"BreadcrumbList\",\"@id\":\"https:\/\/kiwixlabs.com\/vi\/cookies-policy-terms-of-service\/#breadcrumb\",\"itemListElement\":[{\"@type\":\"ListItem\",\"position\":1,\"name\":\"Home\",\"item\":\"https:\/\/kiwixlabs.com\/vi\/\"},{\"@type\":\"ListItem\",\"position\":2,\"name\":\"COOKIES POLICY &amp; TERMS OF SERVICE\"}]},{\"@type\":\"WebSite\",\"@id\":\"https:\/\/kiwixlabs.com\/vi\/#website\",\"url\":\"https:\/\/kiwixlabs.com\/vi\/\",\"name\":\"KiwiX Labs\",\"description\":\"\",\"potentialAction\":[{\"@type\":\"SearchAction\",\"target\":{\"@type\":\"EntryPoint\",\"urlTemplate\":\"https:\/\/kiwixlabs.com\/vi\/?s={search_term_string}\"},\"query-input\":{\"@type\":\"PropertyValueSpecification\",\"valueRequired\":true,\"valueName\":\"search_term_string\"}}],\"inLanguage\":\"vi\"}]}<\/script>\n<!-- \/ Yoast SEO plugin. -->","yoast_head_json":{"title":"COOKIES POLICY &amp; TERMS OF SERVICE - KiwiX Labs","robots":{"index":"noindex","follow":"follow","max-snippet":"max-snippet:-1","max-image-preview":"max-image-preview:large","max-video-preview":"max-video-preview:-1"},"og_locale":"vi_VN","og_type":"article","og_title":"COOKIES POLICY &amp; TERMS OF SERVICE - KiwiX Labs","og_description":"COOKIES POLICY Last Updated: 26\/01\/2026 Trang web kiwixlabs.com s\u1eed d\u1ee5ng cookie v\u00e0 c\u00e1c c\u00f4ng ngh\u1ec7 t\u01b0\u01a1ng t\u1ef1 \u0111\u1ec3 n\u00e2ng cao tr\u1ea3i nghi\u1ec7m ng\u01b0\u1eddi d\u00f9ng.Cookie l\u00e0 c\u00e1c t\u1ec7p nh\u1ecf \u0111\u01b0\u1ee3c l\u01b0u tr\u1eef tr\u00ean thi\u1ebft b\u1ecb c\u1ee7a b\u1ea1n \u0111\u1ec3 ghi nh\u1edb t\u00f9y ch\u1ecdn v\u00e0 ph\u00e2n t\u00edch l\u01b0u l\u01b0\u1ee3ng truy c\u1eadp. Ch\u00fang t\u00f4i s\u1eed d\u1ee5ng: B\u1ea1n c\u00f3 th\u1ec3 [&hellip;]","og_url":"https:\/\/kiwixlabs.com\/vi\/cookies-policy-terms-of-service\/","og_site_name":"KiwiX Labs","article_modified_time":"2026-01-31T05:04:22+00:00","twitter_card":"summary_large_image","twitter_misc":{"\u01af\u1edbc t\u00ednh th\u1eddi gian \u0111\u1ecdc":"1 ph\u00fat"},"schema":{"@context":"https:\/\/schema.org","@graph":[{"@type":"WebPage","@id":"https:\/\/kiwixlabs.com\/vi\/cookies-policy-terms-of-service\/","url":"https:\/\/kiwixlabs.com\/vi\/cookies-policy-terms-of-service\/","name":"COOKIES POLICY &amp; TERMS OF SERVICE - KiwiX Labs","isPartOf":{"@id":"https:\/\/kiwixlabs.com\/vi\/#website"},"datePublished":"2026-01-31T04:21:59+00:00","dateModified":"2026-01-31T05:04:22+00:00","breadcrumb":{"@id":"https:\/\/kiwixlabs.com\/vi\/cookies-policy-terms-of-service\/#breadcrumb"},"inLanguage":"vi","potentialAction":[{"@type":"ReadAction","target":["https:\/\/kiwixlabs.com\/vi\/cookies-policy-terms-of-service\/"]}]},{"@type":"BreadcrumbList","@id":"https:\/\/kiwixlabs.com\/vi\/cookies-policy-terms-of-service\/#breadcrumb","itemListElement":[{"@type":"ListItem","position":1,"name":"Home","item":"https:\/\/kiwixlabs.com\/vi\/"},{"@type":"ListItem","position":2,"name":"COOKIES POLICY &amp; TERMS OF SERVICE"}]},{"@type":"WebSite","@id":"https:\/\/kiwixlabs.com\/vi\/#website","url":"https:\/\/kiwixlabs.com\/vi\/","name":"KiwiX Labs","description":"","potentialAction":[{"@type":"SearchAction","target":{"@type":"EntryPoint","urlTemplate":"https:\/\/kiwixlabs.com\/vi\/?s={search_term_string}"},"query-input":{"@type":"PropertyValueSpecification","valueRequired":true,"valueName":"search_term_string"}}],"inLanguage":"vi"}]}},"_links":{"self":[{"href":"https:\/\/kiwixlabs.com\/vi\/wp-json\/wp\/v2\/pages\/118","targetHints":{"allow":["GET"]}}],"collection":[{"href":"https:\/\/kiwixlabs.com\/vi\/wp-json\/wp\/v2\/pages"}],"about":[{"href":"https:\/\/kiwixlabs.com\/vi\/wp-json\/wp\/v2\/types\/page"}],"author":[{"embeddable":true,"href":"https:\/\/kiwixlabs.com\/vi\/wp-json\/wp\/v2\/users\/1"}],"replies":[{"embeddable":true,"href":"https:\/\/kiwixlabs.com\/vi\/wp-json\/wp\/v2\/comments?post=118"}],"version-history":[{"count":1,"href":"https:\/\/kiwixlabs.com\/vi\/wp-json\/wp\/v2\/pages\/118\/revisions"}],"predecessor-version":[{"id":119,"href":"https:\/\/kiwixlabs.com\/vi\/wp-json\/wp\/v2\/pages\/118\/revisions\/119"}],"wp:attachment":[{"href":"https:\/\/kiwixlabs.com\/vi\/wp-json\/wp\/v2\/media?parent=118"}],"curies":[{"name":"wp","href":"https:\/\/api.w.org\/{rel}","templated":true}]}}